{"id":222,"date":"2020-03-31T14:27:43","date_gmt":"2020-03-31T12:27:43","guid":{"rendered":"http:\/\/www.hop2win.fr\/?page_id=222"},"modified":"2020-06-17T15:20:41","modified_gmt":"2020-06-17T13:20:41","slug":"actions","status":"publish","type":"page","link":"https:\/\/www.hop2win.fr\/index.php\/actions\/","title":{"rendered":"NOS ACTIONS"},"content":{"rendered":"\t\t<div data-elementor-type=\"wp-page\" data-elementor-id=\"222\" class=\"elementor elementor-222\">\n\t\t\t\t\t\t\t\t\t<section class=\"elementor-section elementor-top-section elementor-element elementor-element-99a101b elementor-section-boxed elementor-section-height-default elementor-section-height-default\" data-id=\"99a101b\" data-element_type=\"section\">\n\t\t\t\t\t\t<div class=\"elementor-container elementor-column-gap-default\">\n\t\t\t\t\t<div class=\"elementor-column elementor-col-100 elementor-top-column elementor-element elementor-element-7812aa9\" data-id=\"7812aa9\" data-element_type=\"column\">\n\t\t\t<div class=\"elementor-widget-wrap elementor-element-populated\">\n\t\t\t\t\t\t\t\t<div class=\"elementor-element elementor-element-0104809 elementor-widget elementor-widget-text-editor\" data-id=\"0104809\" data-element_type=\"widget\" data-widget_type=\"text-editor.default\">\n\t\t\t\t<div class=\"elementor-widget-container\">\n\t\t\t\t\t\t\t<p>Pour vous permettre d&rsquo;appr\u00e9hender notre m\u00e9tier et notre philosophie, voici quelques unes de nos pratiques d\u00e9taill\u00e9es<\/p>\t\t\t\t\t\t<\/div>\n\t\t\t\t<\/div>\n\t\t\t\t\t<\/div>\n\t\t<\/div>\n\t\t\t\t\t\t\t<\/div>\n\t\t<\/section>\n\t\t\t\t<section class=\"elementor-section elementor-top-section elementor-element elementor-element-249277a2 elementor-section-content-middle elementor-section-boxed elementor-section-height-default elementor-section-height-default\" data-id=\"249277a2\" data-element_type=\"section\">\n\t\t\t\t\t\t<div class=\"elementor-container elementor-column-gap-default\">\n\t\t\t\t\t<div class=\"elementor-column elementor-col-50 elementor-top-column elementor-element elementor-element-2b454cba\" data-id=\"2b454cba\" data-element_type=\"column\">\n\t\t\t<div class=\"elementor-widget-wrap elementor-element-populated\">\n\t\t\t\t\t\t\t\t<div class=\"elementor-element elementor-element-a3559b7 elementor-widget-divider--view-line elementor-widget elementor-widget-divider\" data-id=\"a3559b7\" data-element_type=\"widget\" data-widget_type=\"divider.default\">\n\t\t\t\t<div class=\"elementor-widget-container\">\n\t\t\t\t\t<div class=\"elementor-divider\">\n\t\t\t<span class=\"elementor-divider-separator\">\n\t\t\t\t\t\t<\/span>\n\t\t<\/div>\n\t\t\t\t<\/div>\n\t\t\t\t<\/div>\n\t\t\t\t<div class=\"elementor-element elementor-element-50b326ce elementor-widget elementor-widget-heading\" data-id=\"50b326ce\" data-element_type=\"widget\" data-widget_type=\"heading.default\">\n\t\t\t\t<div class=\"elementor-widget-container\">\n\t\t\t<h3 class=\"elementor-heading-title elementor-size-large\">Accompagnement de l'entrepreneur <\/h3>\t\t<\/div>\n\t\t\t\t<\/div>\n\t\t\t\t<div class=\"elementor-element elementor-element-624e7c24 elementor-widget elementor-widget-text-editor\" data-id=\"624e7c24\" data-element_type=\"widget\" data-widget_type=\"text-editor.default\">\n\t\t\t\t<div class=\"elementor-widget-container\">\n\t\t\t\t\t\t\t<p>Mme Unetelle fait face aux challenges de la cr\u00e9ation d\u2019entreprise. Lors d\u2019une premi\u00e8re entrevue pr\u00e9alable au travail de coaching, nous \u00e9claircissons les difficult\u00e9s qu&rsquo;elle rencontre, ce qui nous permet \u00e9galement de s\u2019assurer de notre degr\u00e9 de compatibilit\u00e9.<\/p><p>A l\u2019issue de cet \u00e9change, un objectif de travail est d\u00e9gag\u00e9 : en d\u00e9veloppant l\u2019affirmation de soi vis \u00e0 vis de ses associ\u00e9s, la cliente pourra d\u00e9velopper et p\u00e9renniser sa soci\u00e9t\u00e9. Les s\u00e9ances s\u2019encha\u00eenent au rythme d\u2019une s\u00e9ance toutes les 3 semaines. Gr\u00e2ce au support des moyens de communication moderne (Skype, facetime, etc), les s\u00e9ances alternent des modules en pr\u00e9sentiel et s\u2019adaptent \u00e0 l\u2019agenda du participant.<\/p><p>Divers outils sont mis \u00e0 disposition et adapt\u00e9s \u00e0 son contexte professionnel. Les mises en pratique et exercices favorisent l\u2019avancement. En moyenne, 6 \u00e0 10 s\u00e9ances sont programm\u00e9es. Le bilan du coaching est tr\u00e8s positif puisque la prise de conscience est atteinte \u2013 elle s\u2019affirme d\u00e9sormais aupr\u00e8s de ses pairs tout en respectant ses valeurs.<\/p>\t\t\t\t\t\t<\/div>\n\t\t\t\t<\/div>\n\t\t\t\t\t<\/div>\n\t\t<\/div>\n\t\t\t\t<div class=\"elementor-column elementor-col-50 elementor-top-column elementor-element elementor-element-21f68d59\" data-id=\"21f68d59\" data-element_type=\"column\" data-settings=\"{&quot;background_background&quot;:&quot;classic&quot;}\">\n\t\t\t<div class=\"elementor-widget-wrap elementor-element-populated\">\n\t\t\t\t\t\t\t\t<div class=\"elementor-element elementor-element-add7ced elementor-widget elementor-widget-image\" data-id=\"add7ced\" data-element_type=\"widget\" data-widget_type=\"image.default\">\n\t\t\t\t<div class=\"elementor-widget-container\">\n\t\t\t\t\t\t\t\t\t\t\t\t\t\t\t<img width=\"750\" height=\"500\" src=\"https:\/\/www.hop2win.fr\/wp-content\/uploads\/2020\/04\/austin-distel-VwsuhJ9uee4-unsplash-1024x683.jpg\" class=\"attachment-large size-large wp-image-435\" alt=\"Entreprendre\" loading=\"lazy\" srcset=\"https:\/\/www.hop2win.fr\/wp-content\/uploads\/2020\/04\/austin-distel-VwsuhJ9uee4-unsplash-1024x683.jpg 1024w, https:\/\/www.hop2win.fr\/wp-content\/uploads\/2020\/04\/austin-distel-VwsuhJ9uee4-unsplash-300x200.jpg 300w, https:\/\/www.hop2win.fr\/wp-content\/uploads\/2020\/04\/austin-distel-VwsuhJ9uee4-unsplash-768x512.jpg 768w, https:\/\/www.hop2win.fr\/wp-content\/uploads\/2020\/04\/austin-distel-VwsuhJ9uee4-unsplash-1536x1024.jpg 1536w, https:\/\/www.hop2win.fr\/wp-content\/uploads\/2020\/04\/austin-distel-VwsuhJ9uee4-unsplash-2048x1365.jpg 2048w\" sizes=\"(max-width: 750px) 100vw, 750px\" \/>\t\t\t\t\t\t\t\t\t\t\t\t\t\t\t<\/div>\n\t\t\t\t<\/div>\n\t\t\t\t\t<\/div>\n\t\t<\/div>\n\t\t\t\t\t\t\t<\/div>\n\t\t<\/section>\n\t\t\t\t<section class=\"elementor-section elementor-top-section elementor-element elementor-element-21e02a2e elementor-section-content-middle elementor-reverse-mobile elementor-section-boxed elementor-section-height-default elementor-section-height-default\" data-id=\"21e02a2e\" data-element_type=\"section\">\n\t\t\t\t\t\t<div class=\"elementor-container elementor-column-gap-default\">\n\t\t\t\t\t<div class=\"elementor-column elementor-col-50 elementor-top-column elementor-element elementor-element-415bfeda\" data-id=\"415bfeda\" data-element_type=\"column\" data-settings=\"{&quot;background_background&quot;:&quot;classic&quot;}\">\n\t\t\t<div class=\"elementor-widget-wrap elementor-element-populated\">\n\t\t\t\t\t\t\t\t<div class=\"elementor-element elementor-element-66edfe3f elementor-widget elementor-widget-image\" data-id=\"66edfe3f\" data-element_type=\"widget\" data-widget_type=\"image.default\">\n\t\t\t\t<div class=\"elementor-widget-container\">\n\t\t\t\t\t\t\t\t\t\t\t\t\t\t\t<img width=\"1696\" height=\"2560\" src=\"https:\/\/www.hop2win.fr\/wp-content\/uploads\/2020\/04\/shane-rounce-DNkoNXQti3c-unsplash-scaled.jpg\" class=\"attachment-full size-full wp-image-518\" alt=\"coh\u00e9sion d&#039;\u00e9quipe\" loading=\"lazy\" srcset=\"https:\/\/www.hop2win.fr\/wp-content\/uploads\/2020\/04\/shane-rounce-DNkoNXQti3c-unsplash-scaled.jpg 1696w, https:\/\/www.hop2win.fr\/wp-content\/uploads\/2020\/04\/shane-rounce-DNkoNXQti3c-unsplash-199x300.jpg 199w, https:\/\/www.hop2win.fr\/wp-content\/uploads\/2020\/04\/shane-rounce-DNkoNXQti3c-unsplash-678x1024.jpg 678w, https:\/\/www.hop2win.fr\/wp-content\/uploads\/2020\/04\/shane-rounce-DNkoNXQti3c-unsplash-768x1160.jpg 768w, https:\/\/www.hop2win.fr\/wp-content\/uploads\/2020\/04\/shane-rounce-DNkoNXQti3c-unsplash-1017x1536.jpg 1017w, https:\/\/www.hop2win.fr\/wp-content\/uploads\/2020\/04\/shane-rounce-DNkoNXQti3c-unsplash-1356x2048.jpg 1356w\" sizes=\"(max-width: 1696px) 100vw, 1696px\" \/>\t\t\t\t\t\t\t\t\t\t\t\t\t\t\t<\/div>\n\t\t\t\t<\/div>\n\t\t\t\t\t<\/div>\n\t\t<\/div>\n\t\t\t\t<div class=\"elementor-column elementor-col-50 elementor-top-column elementor-element elementor-element-2df07944\" data-id=\"2df07944\" data-element_type=\"column\">\n\t\t\t<div class=\"elementor-widget-wrap elementor-element-populated\">\n\t\t\t\t\t\t\t\t<div class=\"elementor-element elementor-element-1edb06c elementor-widget-divider--view-line elementor-widget elementor-widget-divider\" data-id=\"1edb06c\" data-element_type=\"widget\" data-widget_type=\"divider.default\">\n\t\t\t\t<div class=\"elementor-widget-container\">\n\t\t\t\t\t<div class=\"elementor-divider\">\n\t\t\t<span class=\"elementor-divider-separator\">\n\t\t\t\t\t\t<\/span>\n\t\t<\/div>\n\t\t\t\t<\/div>\n\t\t\t\t<\/div>\n\t\t\t\t<div class=\"elementor-element elementor-element-d20b90d elementor-widget elementor-widget-heading\" data-id=\"d20b90d\" data-element_type=\"widget\" data-widget_type=\"heading.default\">\n\t\t\t\t<div class=\"elementor-widget-container\">\n\t\t\t<h3 class=\"elementor-heading-title elementor-size-large\">Accompagnement d'EQUIPE<\/h3>\t\t<\/div>\n\t\t\t\t<\/div>\n\t\t\t\t<div class=\"elementor-element elementor-element-2ddfb5c6 elementor-widget elementor-widget-text-editor\" data-id=\"2ddfb5c6\" data-element_type=\"widget\" data-widget_type=\"text-editor.default\">\n\t\t\t\t<div class=\"elementor-widget-container\">\n\t\t\t\t\t\t\t<p>Au pr\u00e9alable d\u2019une s\u00e9ance collective, nous proposons une phase d\u2019audit. Bas\u00e9e sur des entretiens avec les parties prenantes du projet, cette \u00e9tape permet de r\u00e9aliser un diagnostic interne adapt\u00e9 et d\u2019en d\u00e9gager des pistes de travail. Les th\u00e9matiques de\u00a0 construction de la vision, de facilitation \u00e0 l\u2019intelligence collective ou encore de coh\u00e9sion sont des exemples.<\/p><p>L\u2019approche int\u00e8gre des m\u00e9thodes dites <em>traditionnelles<\/em>. L\u2019apprentissage par le d\u00e9calage, en s\u2019inspirant d\u2019univers \u00ab d\u00e9connect\u00e9s \u00bb de celui dans lequel l\u2019entreprise \u00e9volue, permet \u00e9galement de r\u00e9v\u00e9ler des potentialit\u00e9s nouvelles.<\/p>\t\t\t\t\t\t<\/div>\n\t\t\t\t<\/div>\n\t\t\t\t\t<\/div>\n\t\t<\/div>\n\t\t\t\t\t\t\t<\/div>\n\t\t<\/section>\n\t\t\t\t<section class=\"elementor-section elementor-top-section elementor-element elementor-element-592578ac elementor-section-content-middle elementor-section-boxed elementor-section-height-default elementor-section-height-default\" data-id=\"592578ac\" data-element_type=\"section\">\n\t\t\t\t\t\t<div class=\"elementor-container elementor-column-gap-default\">\n\t\t\t\t\t<div class=\"elementor-column elementor-col-50 elementor-top-column elementor-element elementor-element-63edf9d3\" data-id=\"63edf9d3\" data-element_type=\"column\" data-settings=\"{&quot;background_background&quot;:&quot;classic&quot;}\">\n\t\t\t<div class=\"elementor-widget-wrap elementor-element-populated\">\n\t\t\t\t\t\t\t\t<div class=\"elementor-element elementor-element-17a080a elementor-widget elementor-widget-image\" data-id=\"17a080a\" data-element_type=\"widget\" data-widget_type=\"image.default\">\n\t\t\t\t<div class=\"elementor-widget-container\">\n\t\t\t\t\t\t\t\t\t\t\t\t\t\t\t<img width=\"750\" height=\"500\" src=\"https:\/\/www.hop2win.fr\/wp-content\/uploads\/2020\/04\/dylan-gillis-KdeqA3aTnBY-unsplash-1024x683.jpg\" class=\"attachment-large size-large wp-image-296\" alt=\"travail d&#039;\u00e9quipe\" loading=\"lazy\" srcset=\"https:\/\/www.hop2win.fr\/wp-content\/uploads\/2020\/04\/dylan-gillis-KdeqA3aTnBY-unsplash-1024x683.jpg 1024w, https:\/\/www.hop2win.fr\/wp-content\/uploads\/2020\/04\/dylan-gillis-KdeqA3aTnBY-unsplash-300x200.jpg 300w, https:\/\/www.hop2win.fr\/wp-content\/uploads\/2020\/04\/dylan-gillis-KdeqA3aTnBY-unsplash-768x512.jpg 768w, https:\/\/www.hop2win.fr\/wp-content\/uploads\/2020\/04\/dylan-gillis-KdeqA3aTnBY-unsplash-1536x1024.jpg 1536w, https:\/\/www.hop2win.fr\/wp-content\/uploads\/2020\/04\/dylan-gillis-KdeqA3aTnBY-unsplash-2048x1365.jpg 2048w\" sizes=\"(max-width: 750px) 100vw, 750px\" \/>\t\t\t\t\t\t\t\t\t\t\t\t\t\t\t<\/div>\n\t\t\t\t<\/div>\n\t\t\t\t\t<\/div>\n\t\t<\/div>\n\t\t\t\t<div class=\"elementor-column elementor-col-50 elementor-top-column elementor-element elementor-element-61d4200e\" data-id=\"61d4200e\" data-element_type=\"column\">\n\t\t\t<div class=\"elementor-widget-wrap elementor-element-populated\">\n\t\t\t\t\t\t\t\t<div class=\"elementor-element elementor-element-fbcebf8 elementor-widget elementor-widget-heading\" data-id=\"fbcebf8\" data-element_type=\"widget\" data-widget_type=\"heading.default\">\n\t\t\t\t<div class=\"elementor-widget-container\">\n\t\t\t<h3 class=\"elementor-heading-title elementor-size-large\">AUDIT<\/h3>\t\t<\/div>\n\t\t\t\t<\/div>\n\t\t\t\t<div class=\"elementor-element elementor-element-6fb26fff elementor-widget elementor-widget-text-editor\" data-id=\"6fb26fff\" data-element_type=\"widget\" data-widget_type=\"text-editor.default\">\n\t\t\t\t<div class=\"elementor-widget-container\">\n\t\t\t\t\t\t\t<p>Apr\u00e8s avoir d\u00e9fini ensemble le cadre de l\u2019audit, l\u2019analyse<br \/>terrain est d\u00e9ploy\u00e9e en menant des entretiens en face \u00e0 face. Nous formulons<br \/>les observations dans une synth\u00e8se que nous vous pr\u00e9sentons. L\u2019analyse des<br \/>causes pr\u00e9c\u00e8de une recherche collaborative de solutions.<\/p>\t\t\t\t\t\t<\/div>\n\t\t\t\t<\/div>\n\t\t\t\t\t<\/div>\n\t\t<\/div>\n\t\t\t\t\t\t\t<\/div>\n\t\t<\/section>\n\t\t\t\t<section class=\"elementor-section elementor-top-section elementor-element elementor-element-2b4e95e elementor-section-boxed elementor-section-height-default elementor-section-height-default\" data-id=\"2b4e95e\" data-element_type=\"section\">\n\t\t\t\t\t\t<div class=\"elementor-container elementor-column-gap-default\">\n\t\t\t\t\t<div class=\"elementor-column elementor-col-100 elementor-top-column elementor-element elementor-element-6e89dc6\" data-id=\"6e89dc6\" data-element_type=\"column\">\n\t\t\t<div class=\"elementor-widget-wrap elementor-element-populated\">\n\t\t\t\t\t\t\t\t<div class=\"elementor-element elementor-element-f75bf40 elementor-widget-divider--view-line elementor-widget elementor-widget-divider\" data-id=\"f75bf40\" data-element_type=\"widget\" data-widget_type=\"divider.default\">\n\t\t\t\t<div class=\"elementor-widget-container\">\n\t\t\t\t\t<div class=\"elementor-divider\">\n\t\t\t<span class=\"elementor-divider-separator\">\n\t\t\t\t\t\t<\/span>\n\t\t<\/div>\n\t\t\t\t<\/div>\n\t\t\t\t<\/div>\n\t\t\t\t\t<\/div>\n\t\t<\/div>\n\t\t\t\t\t\t\t<\/div>\n\t\t<\/section>\n\t\t\t\t<section class=\"elementor-section elementor-top-section elementor-element elementor-element-5d53835 elementor-section-content-middle elementor-section-boxed elementor-section-height-default elementor-section-height-default\" data-id=\"5d53835\" data-element_type=\"section\">\n\t\t\t\t\t\t<div class=\"elementor-container elementor-column-gap-default\">\n\t\t\t\t\t<div class=\"elementor-column elementor-col-50 elementor-top-column elementor-element elementor-element-307039a\" data-id=\"307039a\" data-element_type=\"column\" data-settings=\"{&quot;background_background&quot;:&quot;classic&quot;}\">\n\t\t\t<div class=\"elementor-widget-wrap elementor-element-populated\">\n\t\t\t\t\t\t\t\t<div class=\"elementor-element elementor-element-7bffd1d elementor-widget elementor-widget-image\" data-id=\"7bffd1d\" data-element_type=\"widget\" data-widget_type=\"image.default\">\n\t\t\t\t<div class=\"elementor-widget-container\">\n\t\t\t\t\t\t\t\t\t\t\t\t\t\t\t<img width=\"618\" height=\"1024\" src=\"https:\/\/www.hop2win.fr\/wp-content\/uploads\/2020\/03\/matteo-vistocco-Dph00R2SwFo-unsplash-618x1024.jpg\" class=\"attachment-large size-large wp-image-75\" alt=\"\u00e9quipage aviron\" loading=\"lazy\" srcset=\"https:\/\/www.hop2win.fr\/wp-content\/uploads\/2020\/03\/matteo-vistocco-Dph00R2SwFo-unsplash-618x1024.jpg 618w, https:\/\/www.hop2win.fr\/wp-content\/uploads\/2020\/03\/matteo-vistocco-Dph00R2SwFo-unsplash-181x300.jpg 181w, https:\/\/www.hop2win.fr\/wp-content\/uploads\/2020\/03\/matteo-vistocco-Dph00R2SwFo-unsplash-768x1273.jpg 768w, https:\/\/www.hop2win.fr\/wp-content\/uploads\/2020\/03\/matteo-vistocco-Dph00R2SwFo-unsplash-927x1536.jpg 927w, https:\/\/www.hop2win.fr\/wp-content\/uploads\/2020\/03\/matteo-vistocco-Dph00R2SwFo-unsplash-1235x2048.jpg 1235w, https:\/\/www.hop2win.fr\/wp-content\/uploads\/2020\/03\/matteo-vistocco-Dph00R2SwFo-unsplash-scaled.jpg 1544w\" sizes=\"(max-width: 618px) 100vw, 618px\" \/>\t\t\t\t\t\t\t\t\t\t\t\t\t\t\t<\/div>\n\t\t\t\t<\/div>\n\t\t\t\t\t<\/div>\n\t\t<\/div>\n\t\t\t\t<div class=\"elementor-column elementor-col-50 elementor-top-column elementor-element elementor-element-735196b\" data-id=\"735196b\" data-element_type=\"column\">\n\t\t\t<div class=\"elementor-widget-wrap elementor-element-populated\">\n\t\t\t\t\t\t\t\t<div class=\"elementor-element elementor-element-2a9183d elementor-widget elementor-widget-heading\" data-id=\"2a9183d\" data-element_type=\"widget\" data-widget_type=\"heading.default\">\n\t\t\t\t<div class=\"elementor-widget-container\">\n\t\t\t<h3 class=\"elementor-heading-title elementor-size-large\">INTELLIGENCE COLLECTIVE<\/h3>\t\t<\/div>\n\t\t\t\t<\/div>\n\t\t\t\t<div class=\"elementor-element elementor-element-1853fed elementor-widget elementor-widget-text-editor\" data-id=\"1853fed\" data-element_type=\"widget\" data-widget_type=\"text-editor.default\">\n\t\t\t\t<div class=\"elementor-widget-container\">\n\t\t\t\t\t\t\t<p>La s\u00e9ance se d\u00e9roule sur une journ\u00e9e. Apr\u00e8s un partage de concepts th\u00e9oriques, le facilitateur anime des \u00e9changes sur les biais induits par nos perceptions. Les mises en pratique via des exercices en sous-groupe permettent un \u00e9change r\u00e9flexif sur les comportements. Des tables rondes de partage contribuent \u00e0 la connaissance de soi, de l\u2019autre et donc in fine au d\u00e9veloppement de la confiance en soi et en les autres. Avoir conscience de son propre impact sur les autres, comprendre les habitudes et pr\u00e9f\u00e9rences relationnelles repr\u00e9sentent de v\u00e9ritables ressources pour am\u00e9liorer nos interactions au quotidien, dans le milieu professionnel comme dans la sph\u00e8re personnelle.<\/p><p>Tout en favorisant la coop\u00e9ration, l\u2019autonomie dans le groupe et l\u2019interd\u00e9pendance, ces approches permettent \u00e9galement de travailler \u00e0 la construction d\u2019une vision commune pour le groupe. Et en bonus, quel plaisir de d\u00e9couvrir que l\u2019autre peut \u00e9galement, via un feedback, nous \u00e9clairer sur des ressources inconnues de nous-m\u00eame !<\/p>\t\t\t\t\t\t<\/div>\n\t\t\t\t<\/div>\n\t\t\t\t\t<\/div>\n\t\t<\/div>\n\t\t\t\t\t\t\t<\/div>\n\t\t<\/section>\n\t\t\t\t<section class=\"elementor-section elementor-top-section elementor-element elementor-element-a777ad2 elementor-section-boxed elementor-section-height-default elementor-section-height-default\" data-id=\"a777ad2\" data-element_type=\"section\">\n\t\t\t\t\t\t<div class=\"elementor-container elementor-column-gap-default\">\n\t\t\t\t\t<div class=\"elementor-column elementor-col-100 elementor-top-column elementor-element elementor-element-bcbe761\" data-id=\"bcbe761\" data-element_type=\"column\">\n\t\t\t<div class=\"elementor-widget-wrap elementor-element-populated\">\n\t\t\t\t\t\t\t\t<div class=\"elementor-element elementor-element-e26059f elementor-widget-divider--view-line elementor-widget elementor-widget-divider\" data-id=\"e26059f\" data-element_type=\"widget\" data-widget_type=\"divider.default\">\n\t\t\t\t<div class=\"elementor-widget-container\">\n\t\t\t\t\t<div class=\"elementor-divider\">\n\t\t\t<span class=\"elementor-divider-separator\">\n\t\t\t\t\t\t<\/span>\n\t\t<\/div>\n\t\t\t\t<\/div>\n\t\t\t\t<\/div>\n\t\t\t\t\t<\/div>\n\t\t<\/div>\n\t\t\t\t\t\t\t<\/div>\n\t\t<\/section>\n\t\t\t\t<section class=\"elementor-section elementor-top-section elementor-element elementor-element-c3eb855 elementor-section-content-middle elementor-section-boxed elementor-section-height-default elementor-section-height-default\" data-id=\"c3eb855\" data-element_type=\"section\">\n\t\t\t\t\t\t<div class=\"elementor-container elementor-column-gap-default\">\n\t\t\t\t\t<div class=\"elementor-column elementor-col-50 elementor-top-column elementor-element elementor-element-c90eadd\" data-id=\"c90eadd\" data-element_type=\"column\" data-settings=\"{&quot;background_background&quot;:&quot;classic&quot;}\">\n\t\t\t<div class=\"elementor-widget-wrap elementor-element-populated\">\n\t\t\t\t\t\t\t\t<div class=\"elementor-element elementor-element-e9441e0 elementor-widget elementor-widget-image\" data-id=\"e9441e0\" data-element_type=\"widget\" data-widget_type=\"image.default\">\n\t\t\t\t<div class=\"elementor-widget-container\">\n\t\t\t\t\t\t\t\t\t\t\t\t\t\t\t<img width=\"683\" height=\"1024\" src=\"https:\/\/www.hop2win.fr\/wp-content\/uploads\/2020\/04\/javier-allegue-barros-0nOP5iHVaZ8-unsplash-683x1024.jpg\" class=\"attachment-large size-large wp-image-398\" alt=\"direction\" loading=\"lazy\" srcset=\"https:\/\/www.hop2win.fr\/wp-content\/uploads\/2020\/04\/javier-allegue-barros-0nOP5iHVaZ8-unsplash-683x1024.jpg 683w, https:\/\/www.hop2win.fr\/wp-content\/uploads\/2020\/04\/javier-allegue-barros-0nOP5iHVaZ8-unsplash-200x300.jpg 200w, https:\/\/www.hop2win.fr\/wp-content\/uploads\/2020\/04\/javier-allegue-barros-0nOP5iHVaZ8-unsplash-768x1152.jpg 768w, https:\/\/www.hop2win.fr\/wp-content\/uploads\/2020\/04\/javier-allegue-barros-0nOP5iHVaZ8-unsplash-1024x1536.jpg 1024w, https:\/\/www.hop2win.fr\/wp-content\/uploads\/2020\/04\/javier-allegue-barros-0nOP5iHVaZ8-unsplash-1365x2048.jpg 1365w, https:\/\/www.hop2win.fr\/wp-content\/uploads\/2020\/04\/javier-allegue-barros-0nOP5iHVaZ8-unsplash-scaled.jpg 1707w\" sizes=\"(max-width: 683px) 100vw, 683px\" \/>\t\t\t\t\t\t\t\t\t\t\t\t\t\t\t<\/div>\n\t\t\t\t<\/div>\n\t\t\t\t\t<\/div>\n\t\t<\/div>\n\t\t\t\t<div class=\"elementor-column elementor-col-50 elementor-top-column elementor-element elementor-element-101de37\" data-id=\"101de37\" data-element_type=\"column\">\n\t\t\t<div class=\"elementor-widget-wrap elementor-element-populated\">\n\t\t\t\t\t\t\t\t<div class=\"elementor-element elementor-element-2327ba7 elementor-widget elementor-widget-heading\" data-id=\"2327ba7\" data-element_type=\"widget\" data-widget_type=\"heading.default\">\n\t\t\t\t<div class=\"elementor-widget-container\">\n\t\t\t<h3 class=\"elementor-heading-title elementor-size-large\">Conduite du changement<\/h3>\t\t<\/div>\n\t\t\t\t<\/div>\n\t\t\t\t<div class=\"elementor-element elementor-element-ce9c142 elementor-widget elementor-widget-text-editor\" data-id=\"ce9c142\" data-element_type=\"widget\" data-widget_type=\"text-editor.default\">\n\t\t\t\t<div class=\"elementor-widget-container\">\n\t\t\t\t\t\t\t<p>Qui dit changement dit dynamique de groupe et comportements dans le groupe. Apr\u00e8s avoir \u00e9chang\u00e9 sur les principales raisons de r\u00e9sister au changement, le groupe travaille sur le changement \u00e0 mener: que changer? Quels facteurs d\u2019\u00e9checs et quels risques pr\u00e9voir?<\/p><p>Cette \u00e9tape pr\u00e9paratoire permet de pr\u00e9parer la d\u00e9marche en tenant compte de l&rsquo;\u00e9quipe, des individus qui la composent et de sa capacit\u00e9 \u00e0 mener le changement : quel objectif atteindre? Comment s\u2019y prendre?<\/p><p>L&rsquo;accompagnement se poursuit dans le temps apr\u00e8s la mise en \u0153uvre du\/des changements et un suivi est propos\u00e9.<\/p>\t\t\t\t\t\t<\/div>\n\t\t\t\t<\/div>\n\t\t\t\t\t<\/div>\n\t\t<\/div>\n\t\t\t\t\t\t\t<\/div>\n\t\t<\/section>\n\t\t\t\t\t\t\t<\/div>\n\t\t","protected":false},"excerpt":{"rendered":"<p>Pour vous permettre d&rsquo;appr\u00e9hender notre m\u00e9tier et notre philosophie, voici quelques unes de nos pratiques d\u00e9taill\u00e9es Accompagnement de l&rsquo;entrepreneur Mme Unetelle fait face aux challenges de la cr\u00e9ation d\u2019entreprise. Lors d\u2019une premi\u00e8re entrevue pr\u00e9alable au travail de coaching, nous \u00e9claircissons<\/p>\n","protected":false},"author":1,"featured_media":0,"parent":0,"menu_order":0,"comment_status":"closed","ping_status":"closed","template":"elementor_header_footer","meta":[],"_links":{"self":[{"href":"https:\/\/www.hop2win.fr\/index.php\/wp-json\/wp\/v2\/pages\/222"}],"collection":[{"href":"https:\/\/www.hop2win.fr\/index.php\/wp-json\/wp\/v2\/pages"}],"about":[{"href":"https:\/\/www.hop2win.fr\/index.php\/wp-json\/wp\/v2\/types\/page"}],"author":[{"embeddable":true,"href":"https:\/\/www.hop2win.fr\/index.php\/wp-json\/wp\/v2\/users\/1"}],"replies":[{"embeddable":true,"href":"https:\/\/www.hop2win.fr\/index.php\/wp-json\/wp\/v2\/comments?post=222"}],"version-history":[{"count":43,"href":"https:\/\/www.hop2win.fr\/index.php\/wp-json\/wp\/v2\/pages\/222\/revisions"}],"predecessor-version":[{"id":844,"href":"https:\/\/www.hop2win.fr\/index.php\/wp-json\/wp\/v2\/pages\/222\/revisions\/844"}],"wp:attachment":[{"href":"https:\/\/www.hop2win.fr\/index.php\/wp-json\/wp\/v2\/media?parent=222"}],"curies":[{"name":"wp","href":"https:\/\/api.w.org\/{rel}","templated":true}]}}