{"id":144,"date":"2020-05-05T17:13:45","date_gmt":"2020-05-05T15:13:45","guid":{"rendered":"http:\/\/www.hop2win.fr\/?page_id=144"},"modified":"2020-06-30T16:50:24","modified_gmt":"2020-06-30T14:50:24","slug":"accueil-3","status":"publish","type":"page","link":"https:\/\/www.hop2win.fr\/","title":{"rendered":"ACCUEIL"},"content":{"rendered":"\t\t<div data-elementor-type=\"wp-page\" data-elementor-id=\"144\" class=\"elementor elementor-144\">\n\t\t\t\t\t\t\t\t\t<section class=\"elementor-section elementor-top-section elementor-element elementor-element-9f0019c elementor-section-boxed elementor-section-height-default elementor-section-height-default\" data-id=\"9f0019c\" data-element_type=\"section\">\n\t\t\t\t\t\t<div class=\"elementor-container elementor-column-gap-default\">\n\t\t\t\t\t<div class=\"elementor-column elementor-col-100 elementor-top-column elementor-element elementor-element-5aa6a8a\" data-id=\"5aa6a8a\" data-element_type=\"column\">\n\t\t\t<div class=\"elementor-widget-wrap elementor-element-populated\">\n\t\t\t\t\t\t\t\t<div class=\"elementor-element elementor-element-0d5bb2a elementor-widget elementor-widget-heading\" data-id=\"0d5bb2a\" data-element_type=\"widget\" data-widget_type=\"heading.default\">\n\t\t\t\t<div class=\"elementor-widget-container\">\n\t\t\t<h3 class=\"elementor-heading-title elementor-size-medium\"><strong>Hop2Win<\/strong> est un cabinet de conseil et formation sp\u00e9cialis\u00e9 dans la dynamique d'\u00e9quipe<\/h3>\t\t<\/div>\n\t\t\t\t<\/div>\n\t\t\t\t\t<\/div>\n\t\t<\/div>\n\t\t\t\t\t\t\t<\/div>\n\t\t<\/section>\n\t\t\t\t<section class=\"elementor-section elementor-top-section elementor-element elementor-element-64f5a86a elementor-section-boxed elementor-section-height-default elementor-section-height-default\" data-id=\"64f5a86a\" data-element_type=\"section\">\n\t\t\t\t\t\t<div class=\"elementor-container elementor-column-gap-wider\">\n\t\t\t\t\t<div class=\"elementor-column elementor-col-50 elementor-top-column elementor-element elementor-element-2e5f8c87\" data-id=\"2e5f8c87\" data-element_type=\"column\" data-settings=\"{&quot;background_background&quot;:&quot;classic&quot;}\">\n\t\t\t<div class=\"elementor-widget-wrap elementor-element-populated\">\n\t\t\t\t\t\t\t\t<div class=\"elementor-element elementor-element-8c6ed59 elementor-view-default elementor-widget elementor-widget-icon\" data-id=\"8c6ed59\" data-element_type=\"widget\" data-widget_type=\"icon.default\">\n\t\t\t\t<div class=\"elementor-widget-container\">\n\t\t\t\t\t<div class=\"elementor-icon-wrapper\">\n\t\t\t<div class=\"elementor-icon\">\n\t\t\t<i aria-hidden=\"true\" class=\"fas fa-trophy\"><\/i>\t\t\t<\/div>\n\t\t<\/div>\n\t\t\t\t<\/div>\n\t\t\t\t<\/div>\n\t\t\t\t<div class=\"elementor-element elementor-element-b61eed2 elementor-widget elementor-widget-text-editor\" data-id=\"b61eed2\" data-element_type=\"widget\" data-widget_type=\"text-editor.default\">\n\t\t\t\t<div class=\"elementor-widget-container\">\n\t\t\t\t\t\t\t<p>Une \u00e9quipe qui gagne, c&rsquo;est quoi?<\/p>\t\t\t\t\t\t<\/div>\n\t\t\t\t<\/div>\n\t\t\t\t<div class=\"elementor-element elementor-element-5f576324 elementor-position-left elementor-vertical-align-middle elementor-widget__width-inherit elementor-view-default elementor-mobile-position-top elementor-widget elementor-widget-icon-box\" data-id=\"5f576324\" data-element_type=\"widget\" data-widget_type=\"icon-box.default\">\n\t\t\t\t<div class=\"elementor-widget-container\">\n\t\t\t\t\t<div class=\"elementor-icon-box-wrapper\">\n\t\t\t\t\t\t<div class=\"elementor-icon-box-icon\">\n\t\t\t\t<span class=\"elementor-icon elementor-animation-\" >\n\t\t\t\t<i aria-hidden=\"true\" class=\"fas fa-check\"><\/i>\t\t\t\t<\/span>\n\t\t\t<\/div>\n\t\t\t\t\t\t<div class=\"elementor-icon-box-content\">\n\t\t\t\t<span class=\"elementor-icon-box-title\">\n\t\t\t\t\t<span  >\n\t\t\t\t\t\t\t\t\t\t\t<\/span>\n\t\t\t\t<\/span>\n\t\t\t\t\t\t\t\t\t<p class=\"elementor-icon-box-description\">\n\t\t\t\t\t\tPartager un \u00e9tat d'esprit collectif\t\t\t\t\t<\/p>\n\t\t\t\t\t\t\t<\/div>\n\t\t<\/div>\n\t\t\t\t<\/div>\n\t\t\t\t<\/div>\n\t\t\t\t<div class=\"elementor-element elementor-element-15c83f04 elementor-position-left elementor-vertical-align-middle elementor-widget__width-inherit elementor-view-default elementor-mobile-position-top elementor-widget elementor-widget-icon-box\" data-id=\"15c83f04\" data-element_type=\"widget\" data-widget_type=\"icon-box.default\">\n\t\t\t\t<div class=\"elementor-widget-container\">\n\t\t\t\t\t<div class=\"elementor-icon-box-wrapper\">\n\t\t\t\t\t\t<div class=\"elementor-icon-box-icon\">\n\t\t\t\t<span class=\"elementor-icon elementor-animation-\" >\n\t\t\t\t<i aria-hidden=\"true\" class=\"fas fa-check\"><\/i>\t\t\t\t<\/span>\n\t\t\t<\/div>\n\t\t\t\t\t\t<div class=\"elementor-icon-box-content\">\n\t\t\t\t<span class=\"elementor-icon-box-title\">\n\t\t\t\t\t<span  >\n\t\t\t\t\t\t\t\t\t\t\t<\/span>\n\t\t\t\t<\/span>\n\t\t\t\t\t\t\t\t\t<p class=\"elementor-icon-box-description\">\n\t\t\t\t\t\tS'aligner sur une strat\u00e9gie\t\t\t\t\t<\/p>\n\t\t\t\t\t\t\t<\/div>\n\t\t<\/div>\n\t\t\t\t<\/div>\n\t\t\t\t<\/div>\n\t\t\t\t<div class=\"elementor-element elementor-element-77661b6 elementor-position-left elementor-vertical-align-middle elementor-widget__width-inherit elementor-view-default elementor-mobile-position-top elementor-widget elementor-widget-icon-box\" data-id=\"77661b6\" data-element_type=\"widget\" data-widget_type=\"icon-box.default\">\n\t\t\t\t<div class=\"elementor-widget-container\">\n\t\t\t\t\t<div class=\"elementor-icon-box-wrapper\">\n\t\t\t\t\t\t<div class=\"elementor-icon-box-icon\">\n\t\t\t\t<span class=\"elementor-icon elementor-animation-\" >\n\t\t\t\t<i aria-hidden=\"true\" class=\"fas fa-check\"><\/i>\t\t\t\t<\/span>\n\t\t\t<\/div>\n\t\t\t\t\t\t<div class=\"elementor-icon-box-content\">\n\t\t\t\t<span class=\"elementor-icon-box-title\">\n\t\t\t\t\t<span  >\n\t\t\t\t\t\t\t\t\t\t\t<\/span>\n\t\t\t\t<\/span>\n\t\t\t\t\t\t\t\t\t<p class=\"elementor-icon-box-description\">\n\t\t\t\t\t\tAgir ensemble\t\t\t\t\t<\/p>\n\t\t\t\t\t\t\t<\/div>\n\t\t<\/div>\n\t\t\t\t<\/div>\n\t\t\t\t<\/div>\n\t\t\t\t<div class=\"elementor-element elementor-element-5c6c237 elementor-position-left elementor-vertical-align-middle elementor-view-default elementor-mobile-position-top elementor-widget elementor-widget-icon-box\" data-id=\"5c6c237\" data-element_type=\"widget\" data-widget_type=\"icon-box.default\">\n\t\t\t\t<div class=\"elementor-widget-container\">\n\t\t\t\t\t<div class=\"elementor-icon-box-wrapper\">\n\t\t\t\t\t\t<div class=\"elementor-icon-box-icon\">\n\t\t\t\t<span class=\"elementor-icon elementor-animation-\" >\n\t\t\t\t<i aria-hidden=\"true\" class=\"fas fa-check\"><\/i>\t\t\t\t<\/span>\n\t\t\t<\/div>\n\t\t\t\t\t\t<div class=\"elementor-icon-box-content\">\n\t\t\t\t<span class=\"elementor-icon-box-title\">\n\t\t\t\t\t<span  >\n\t\t\t\t\t\t\t\t\t\t\t<\/span>\n\t\t\t\t<\/span>\n\t\t\t\t\t\t\t\t\t<p class=\"elementor-icon-box-description\">\n\t\t\t\t\t\tCommuniquer\t\t\t\t\t<\/p>\n\t\t\t\t\t\t\t<\/div>\n\t\t<\/div>\n\t\t\t\t<\/div>\n\t\t\t\t<\/div>\n\t\t\t\t<div class=\"elementor-element elementor-element-4809996 elementor-position-left elementor-vertical-align-middle elementor-widget__width-inherit elementor-view-default elementor-mobile-position-top elementor-widget elementor-widget-icon-box\" data-id=\"4809996\" data-element_type=\"widget\" data-widget_type=\"icon-box.default\">\n\t\t\t\t<div class=\"elementor-widget-container\">\n\t\t\t\t\t<div class=\"elementor-icon-box-wrapper\">\n\t\t\t\t\t\t<div class=\"elementor-icon-box-icon\">\n\t\t\t\t<span class=\"elementor-icon elementor-animation-\" >\n\t\t\t\t<i aria-hidden=\"true\" class=\"fas fa-check\"><\/i>\t\t\t\t<\/span>\n\t\t\t<\/div>\n\t\t\t\t\t\t<div class=\"elementor-icon-box-content\">\n\t\t\t\t<span class=\"elementor-icon-box-title\">\n\t\t\t\t\t<span  >\n\t\t\t\t\t\t\t\t\t\t\t<\/span>\n\t\t\t\t<\/span>\n\t\t\t\t\t\t\t\t\t<p class=\"elementor-icon-box-description\">\n\t\t\t\t\t\tFavoriser le d\u00e9passement de soi\t\t\t\t\t<\/p>\n\t\t\t\t\t\t\t<\/div>\n\t\t<\/div>\n\t\t\t\t<\/div>\n\t\t\t\t<\/div>\n\t\t\t\t<div class=\"elementor-element elementor-element-9ad49bc elementor-position-left elementor-vertical-align-middle elementor-view-default elementor-mobile-position-top elementor-widget elementor-widget-icon-box\" data-id=\"9ad49bc\" data-element_type=\"widget\" data-widget_type=\"icon-box.default\">\n\t\t\t\t<div class=\"elementor-widget-container\">\n\t\t\t\t\t<div class=\"elementor-icon-box-wrapper\">\n\t\t\t\t\t\t<div class=\"elementor-icon-box-icon\">\n\t\t\t\t<span class=\"elementor-icon elementor-animation-\" >\n\t\t\t\t<i aria-hidden=\"true\" class=\"fas fa-flag-checkered\"><\/i>\t\t\t\t<\/span>\n\t\t\t<\/div>\n\t\t\t\t\t\t<div class=\"elementor-icon-box-content\">\n\t\t\t\t<span class=\"elementor-icon-box-title\">\n\t\t\t\t\t<span  >\n\t\t\t\t\t\t\t\t\t\t\t<\/span>\n\t\t\t\t<\/span>\n\t\t\t\t\t\t\t\t\t<p class=\"elementor-icon-box-description\">\n\t\t\t\t\t\tC\u00e9l\u00e9brer les victoires\t\t\t\t\t<\/p>\n\t\t\t\t\t\t\t<\/div>\n\t\t<\/div>\n\t\t\t\t<\/div>\n\t\t\t\t<\/div>\n\t\t\t\t\t<\/div>\n\t\t<\/div>\n\t\t\t\t<div class=\"elementor-column elementor-col-50 elementor-top-column elementor-element elementor-element-40ac1ae\" data-id=\"40ac1ae\" data-element_type=\"column\" data-settings=\"{&quot;background_background&quot;:&quot;classic&quot;}\">\n\t\t\t<div class=\"elementor-widget-wrap elementor-element-populated\">\n\t\t\t\t\t\t\t\t<div class=\"elementor-element elementor-element-0cd2476 elementor-widget elementor-widget-spacer\" data-id=\"0cd2476\" data-element_type=\"widget\" data-widget_type=\"spacer.default\">\n\t\t\t\t<div class=\"elementor-widget-container\">\n\t\t\t\t\t<div class=\"elementor-spacer\">\n\t\t\t<div class=\"elementor-spacer-inner\"><\/div>\n\t\t<\/div>\n\t\t\t\t<\/div>\n\t\t\t\t<\/div>\n\t\t\t\t<div class=\"elementor-element elementor-element-c3f3bb1 elementor-widget elementor-widget-spacer\" data-id=\"c3f3bb1\" data-element_type=\"widget\" data-widget_type=\"spacer.default\">\n\t\t\t\t<div class=\"elementor-widget-container\">\n\t\t\t\t\t<div class=\"elementor-spacer\">\n\t\t\t<div class=\"elementor-spacer-inner\"><\/div>\n\t\t<\/div>\n\t\t\t\t<\/div>\n\t\t\t\t<\/div>\n\t\t\t\t<div class=\"elementor-element elementor-element-321a242 elementor-widget elementor-widget-image\" data-id=\"321a242\" data-element_type=\"widget\" data-widget_type=\"image.default\">\n\t\t\t\t<div class=\"elementor-widget-container\">\n\t\t\t\t\t\t\t\t\t\t\t\t\t\t\t<img width=\"750\" height=\"500\" src=\"https:\/\/www.hop2win.fr\/wp-content\/uploads\/2020\/06\/vince-fleming-aZVpxRydiJk-unsplash-1024x683.jpg\" class=\"attachment-large size-large wp-image-827\" alt=\"Victoire en \u00e9quipe\" loading=\"lazy\" srcset=\"https:\/\/www.hop2win.fr\/wp-content\/uploads\/2020\/06\/vince-fleming-aZVpxRydiJk-unsplash-1024x683.jpg 1024w, https:\/\/www.hop2win.fr\/wp-content\/uploads\/2020\/06\/vince-fleming-aZVpxRydiJk-unsplash-300x200.jpg 300w, https:\/\/www.hop2win.fr\/wp-content\/uploads\/2020\/06\/vince-fleming-aZVpxRydiJk-unsplash-768x512.jpg 768w, https:\/\/www.hop2win.fr\/wp-content\/uploads\/2020\/06\/vince-fleming-aZVpxRydiJk-unsplash-1536x1024.jpg 1536w, https:\/\/www.hop2win.fr\/wp-content\/uploads\/2020\/06\/vince-fleming-aZVpxRydiJk-unsplash-2048x1365.jpg 2048w\" sizes=\"(max-width: 750px) 100vw, 750px\" \/>\t\t\t\t\t\t\t\t\t\t\t\t\t\t\t<\/div>\n\t\t\t\t<\/div>\n\t\t\t\t\t<\/div>\n\t\t<\/div>\n\t\t\t\t\t\t\t<\/div>\n\t\t<\/section>\n\t\t\t\t<section class=\"elementor-section elementor-top-section elementor-element elementor-element-6537a31 elementor-section-boxed elementor-section-height-default elementor-section-height-default\" data-id=\"6537a31\" data-element_type=\"section\">\n\t\t\t\t\t\t<div class=\"elementor-container elementor-column-gap-wider\">\n\t\t\t\t\t<div class=\"elementor-column elementor-col-50 elementor-top-column elementor-element elementor-element-3385a9b\" data-id=\"3385a9b\" data-element_type=\"column\" data-settings=\"{&quot;background_background&quot;:&quot;classic&quot;}\">\n\t\t\t<div class=\"elementor-widget-wrap elementor-element-populated\">\n\t\t\t\t\t\t\t\t<div class=\"elementor-element elementor-element-929936e elementor-widget elementor-widget-spacer\" data-id=\"929936e\" data-element_type=\"widget\" data-widget_type=\"spacer.default\">\n\t\t\t\t<div class=\"elementor-widget-container\">\n\t\t\t\t\t<div class=\"elementor-spacer\">\n\t\t\t<div class=\"elementor-spacer-inner\"><\/div>\n\t\t<\/div>\n\t\t\t\t<\/div>\n\t\t\t\t<\/div>\n\t\t\t\t<div class=\"elementor-element elementor-element-64ef059 elementor-widget elementor-widget-image\" data-id=\"64ef059\" data-element_type=\"widget\" data-widget_type=\"image.default\">\n\t\t\t\t<div class=\"elementor-widget-container\">\n\t\t\t\t\t\t\t\t\t\t\t\t\t\t\t<img width=\"683\" height=\"1024\" src=\"https:\/\/www.hop2win.fr\/wp-content\/uploads\/2020\/06\/dario-mendez-zQwlD-FWQ48-unsplash-683x1024.jpg\" class=\"attachment-large size-large wp-image-826\" alt=\"esprit d&#039;\u00e9quipe\" loading=\"lazy\" srcset=\"https:\/\/www.hop2win.fr\/wp-content\/uploads\/2020\/06\/dario-mendez-zQwlD-FWQ48-unsplash-683x1024.jpg 683w, https:\/\/www.hop2win.fr\/wp-content\/uploads\/2020\/06\/dario-mendez-zQwlD-FWQ48-unsplash-200x300.jpg 200w, https:\/\/www.hop2win.fr\/wp-content\/uploads\/2020\/06\/dario-mendez-zQwlD-FWQ48-unsplash-768x1152.jpg 768w, https:\/\/www.hop2win.fr\/wp-content\/uploads\/2020\/06\/dario-mendez-zQwlD-FWQ48-unsplash-1024x1536.jpg 1024w, https:\/\/www.hop2win.fr\/wp-content\/uploads\/2020\/06\/dario-mendez-zQwlD-FWQ48-unsplash-1366x2048.jpg 1366w, https:\/\/www.hop2win.fr\/wp-content\/uploads\/2020\/06\/dario-mendez-zQwlD-FWQ48-unsplash-scaled.jpg 1707w\" sizes=\"(max-width: 683px) 100vw, 683px\" \/>\t\t\t\t\t\t\t\t\t\t\t\t\t\t\t<\/div>\n\t\t\t\t<\/div>\n\t\t\t\t\t<\/div>\n\t\t<\/div>\n\t\t\t\t<div class=\"elementor-column elementor-col-50 elementor-top-column elementor-element elementor-element-0f6a544\" data-id=\"0f6a544\" data-element_type=\"column\">\n\t\t\t<div class=\"elementor-widget-wrap elementor-element-populated\">\n\t\t\t\t\t\t\t\t<div class=\"elementor-element elementor-element-7717fe6 elementor-view-default elementor-widget elementor-widget-icon\" data-id=\"7717fe6\" data-element_type=\"widget\" data-widget_type=\"icon.default\">\n\t\t\t\t<div class=\"elementor-widget-container\">\n\t\t\t\t\t<div class=\"elementor-icon-wrapper\">\n\t\t\t<div class=\"elementor-icon\">\n\t\t\t<i aria-hidden=\"true\" class=\"far fa-clipboard\"><\/i>\t\t\t<\/div>\n\t\t<\/div>\n\t\t\t\t<\/div>\n\t\t\t\t<\/div>\n\t\t\t\t<div class=\"elementor-element elementor-element-8e0bc05 elementor-widget elementor-widget-text-editor\" data-id=\"8e0bc05\" data-element_type=\"widget\" data-widget_type=\"text-editor.default\">\n\t\t\t\t<div class=\"elementor-widget-container\">\n\t\t\t\t\t\t\t<p>Notre d\u00e9marche<\/p>\t\t\t\t\t\t<\/div>\n\t\t\t\t<\/div>\n\t\t\t\t<div class=\"elementor-element elementor-element-442e436 elementor-widget elementor-widget-text-editor\" data-id=\"442e436\" data-element_type=\"widget\" data-widget_type=\"text-editor.default\">\n\t\t\t\t<div class=\"elementor-widget-container\">\n\t\t\t\t\t\t\tVous faire vivre des exp\u00e9riences marquantes. Souder l&rsquo;\u00e9quipe. Pr\u00e9parer le terrain en amont. S&rsquo;entra\u00eener. Connaitre les membres de l&rsquo;\u00e9quipe. Changer de point de vue. D\u00e9finir la strat\u00e9gie. Encourager.\t\t\t\t\t\t<\/div>\n\t\t\t\t<\/div>\n\t\t\t\t<div class=\"elementor-element elementor-element-eb797f1 elementor-widget elementor-widget-text-editor\" data-id=\"eb797f1\" data-element_type=\"widget\" data-widget_type=\"text-editor.default\">\n\t\t\t\t<div class=\"elementor-widget-container\">\n\t\t\t\t\t\t\t<p><strong>Au programme?<br \/><\/strong><\/p>\t\t\t\t\t\t<\/div>\n\t\t\t\t<\/div>\n\t\t\t\t<div class=\"elementor-element elementor-element-dc7abd4 elementor-widget elementor-widget-text-editor\" data-id=\"dc7abd4\" data-element_type=\"widget\" data-widget_type=\"text-editor.default\">\n\t\t\t\t<div class=\"elementor-widget-container\">\n\t\t\t\t\t\t\t<p><strong>Hop2Win<\/strong>, c\u2019est avant tout une volont\u00e9 de r\u00e9inventer l&rsquo;accompagnement en proposant une <strong>d\u00e9marche originale et innovante<\/strong> qui fait appel aux valeurs du sport et \u00e0 l&rsquo;\u00e9lan cr\u00e9atif.<\/p>\n<p>Une \u00e9quipe qui n&rsquo;est plus une somme d&rsquo;individus mais une v\u00e9ritable communaut\u00e9 pr\u00eate \u00e0 collaborer? Venez mettre \u00e0 l&rsquo;\u00e9preuve coh\u00e9sion, solidarit\u00e9 ou encore d\u00e9passement de soi !<\/p>\n<p>Et pour couronner le tout, si nous vous invitions \u00e0 dessiner, peindre, coudre, &#8230; cr\u00e9er!<\/p>\t\t\t\t\t\t<\/div>\n\t\t\t\t<\/div>\n\t\t\t\t<div class=\"elementor-element elementor-element-80cf3d9 elementor-widget elementor-widget-text-editor\" data-id=\"80cf3d9\" data-element_type=\"widget\" data-widget_type=\"text-editor.default\">\n\t\t\t\t<div class=\"elementor-widget-container\">\n\t\t\t\t\t\t\t<p>En faisant appel \u00e0 d\u2019autres contextes, d\u2019autres domaines que ceux dans lesquels l\u2019entreprise \u00e9volue au quotidien, nous avons \u00e0 c\u0153ur de <strong>donner du sens \u00e0 vos actions et concr\u00e9tiser vos projets efficacement<\/strong>.<\/p>\t\t\t\t\t\t<\/div>\n\t\t\t\t<\/div>\n\t\t\t\t\t<\/div>\n\t\t<\/div>\n\t\t\t\t\t\t\t<\/div>\n\t\t<\/section>\n\t\t\t\t<section class=\"elementor-section elementor-top-section elementor-element elementor-element-b277c3f elementor-section-boxed elementor-section-height-default elementor-section-height-default\" data-id=\"b277c3f\" data-element_type=\"section\">\n\t\t\t\t\t\t<div class=\"elementor-container elementor-column-gap-default\">\n\t\t\t\t\t<div class=\"elementor-column elementor-col-50 elementor-top-column elementor-element elementor-element-b887417\" data-id=\"b887417\" data-element_type=\"column\">\n\t\t\t<div class=\"elementor-widget-wrap elementor-element-populated\">\n\t\t\t\t\t\t\t\t<div class=\"elementor-element elementor-element-373a83c elementor-view-default elementor-widget elementor-widget-icon\" data-id=\"373a83c\" data-element_type=\"widget\" data-widget_type=\"icon.default\">\n\t\t\t\t<div class=\"elementor-widget-container\">\n\t\t\t\t\t<div class=\"elementor-icon-wrapper\">\n\t\t\t<div class=\"elementor-icon\">\n\t\t\t<i aria-hidden=\"true\" class=\"fas fa-angle-double-up\"><\/i>\t\t\t<\/div>\n\t\t<\/div>\n\t\t\t\t<\/div>\n\t\t\t\t<\/div>\n\t\t\t\t<div class=\"elementor-element elementor-element-aa4e0d6 elementor-widget elementor-widget-text-editor\" data-id=\"aa4e0d6\" data-element_type=\"widget\" data-widget_type=\"text-editor.default\">\n\t\t\t\t<div class=\"elementor-widget-container\">\n\t\t\t\t\t\t\t<p>Nos services<\/p>\t\t\t\t\t\t<\/div>\n\t\t\t\t<\/div>\n\t\t\t\t<div class=\"elementor-element elementor-element-f5d3e19 elementor-widget elementor-widget-text-editor\" data-id=\"f5d3e19\" data-element_type=\"widget\" data-widget_type=\"text-editor.default\">\n\t\t\t\t<div class=\"elementor-widget-container\">\n\t\t\t\t\t\t\t<p>Accompagnement d&rsquo;\u00e9quipe ou de dirigeant, sur site ou en ext\u00e9rieur, en anglais ou en fran\u00e7ais.<\/p><p>Team building, coh\u00e9sion, initiation \u00e0 la cr\u00e9ativit\u00e9, gestion de conflits, management de l&rsquo;innovation, et bien d&rsquo;autres encore.<\/p><p>Nous nous adaptons \u00e0 vos besoins!<\/p>\t\t\t\t\t\t<\/div>\n\t\t\t\t<\/div>\n\t\t\t\t\t<\/div>\n\t\t<\/div>\n\t\t\t\t<div class=\"elementor-column elementor-col-50 elementor-top-column elementor-element elementor-element-16aa1ae\" data-id=\"16aa1ae\" data-element_type=\"column\" data-settings=\"{&quot;background_background&quot;:&quot;classic&quot;}\">\n\t\t\t<div class=\"elementor-widget-wrap elementor-element-populated\">\n\t\t\t\t\t\t\t\t<div class=\"elementor-element elementor-element-ad0c8f2 elementor-widget elementor-widget-spacer\" data-id=\"ad0c8f2\" data-element_type=\"widget\" data-widget_type=\"spacer.default\">\n\t\t\t\t<div class=\"elementor-widget-container\">\n\t\t\t\t\t<div class=\"elementor-spacer\">\n\t\t\t<div class=\"elementor-spacer-inner\"><\/div>\n\t\t<\/div>\n\t\t\t\t<\/div>\n\t\t\t\t<\/div>\n\t\t\t\t<div class=\"elementor-element elementor-element-fd960d5 elementor-widget elementor-widget-image\" data-id=\"fd960d5\" data-element_type=\"widget\" data-widget_type=\"image.default\">\n\t\t\t\t<div class=\"elementor-widget-container\">\n\t\t\t\t\t\t\t\t\t\t\t\t\t\t\t<img width=\"750\" height=\"500\" src=\"https:\/\/www.hop2win.fr\/wp-content\/uploads\/2020\/06\/absolutvision-82TpEld0_e4-unsplash-1024x683.jpg\" class=\"attachment-large size-large wp-image-830\" alt=\"boite \u00e0 id\u00e9e de service\" loading=\"lazy\" srcset=\"https:\/\/www.hop2win.fr\/wp-content\/uploads\/2020\/06\/absolutvision-82TpEld0_e4-unsplash-1024x683.jpg 1024w, https:\/\/www.hop2win.fr\/wp-content\/uploads\/2020\/06\/absolutvision-82TpEld0_e4-unsplash-300x200.jpg 300w, https:\/\/www.hop2win.fr\/wp-content\/uploads\/2020\/06\/absolutvision-82TpEld0_e4-unsplash-768x512.jpg 768w, https:\/\/www.hop2win.fr\/wp-content\/uploads\/2020\/06\/absolutvision-82TpEld0_e4-unsplash-1536x1024.jpg 1536w, https:\/\/www.hop2win.fr\/wp-content\/uploads\/2020\/06\/absolutvision-82TpEld0_e4-unsplash-2048x1365.jpg 2048w\" sizes=\"(max-width: 750px) 100vw, 750px\" \/>\t\t\t\t\t\t\t\t\t\t\t\t\t\t\t<\/div>\n\t\t\t\t<\/div>\n\t\t\t\t\t<\/div>\n\t\t<\/div>\n\t\t\t\t\t\t\t<\/div>\n\t\t<\/section>\n\t\t\t\t<section class=\"elementor-section elementor-top-section elementor-element elementor-element-4d551a0 elementor-section-boxed elementor-section-height-default elementor-section-height-default\" data-id=\"4d551a0\" data-element_type=\"section\">\n\t\t\t\t\t\t<div class=\"elementor-container elementor-column-gap-default\">\n\t\t\t\t\t<div class=\"elementor-column elementor-col-100 elementor-top-column elementor-element elementor-element-edef98b\" data-id=\"edef98b\" data-element_type=\"column\">\n\t\t\t<div class=\"elementor-widget-wrap elementor-element-populated\">\n\t\t\t\t\t\t\t\t<div class=\"elementor-element elementor-element-a58cab4 elementor-widget elementor-widget-spacer\" data-id=\"a58cab4\" data-element_type=\"widget\" data-widget_type=\"spacer.default\">\n\t\t\t\t<div class=\"elementor-widget-container\">\n\t\t\t\t\t<div class=\"elementor-spacer\">\n\t\t\t<div class=\"elementor-spacer-inner\"><\/div>\n\t\t<\/div>\n\t\t\t\t<\/div>\n\t\t\t\t<\/div>\n\t\t\t\t<div class=\"elementor-element elementor-element-08e9798 elementor-view-default elementor-widget elementor-widget-icon\" data-id=\"08e9798\" data-element_type=\"widget\" data-widget_type=\"icon.default\">\n\t\t\t\t<div class=\"elementor-widget-container\">\n\t\t\t\t\t<div class=\"elementor-icon-wrapper\">\n\t\t\t<div class=\"elementor-icon\">\n\t\t\t<i aria-hidden=\"true\" class=\"fas fa-comment-dots\"><\/i>\t\t\t<\/div>\n\t\t<\/div>\n\t\t\t\t<\/div>\n\t\t\t\t<\/div>\n\t\t\t\t<div class=\"elementor-element elementor-element-3a14245 elementor-widget elementor-widget-text-editor\" data-id=\"3a14245\" data-element_type=\"widget\" data-widget_type=\"text-editor.default\">\n\t\t\t\t<div class=\"elementor-widget-container\">\n\t\t\t\t\t\t\t<p><strong>Vous avez 5 min ? Prenons un caf\u00e9 et \u00e9changeons !<\/strong><\/p>\t\t\t\t\t\t<\/div>\n\t\t\t\t<\/div>\n\t\t\t\t\t<\/div>\n\t\t<\/div>\n\t\t\t\t\t\t\t<\/div>\n\t\t<\/section>\n\t\t\t\t<section class=\"elementor-section elementor-top-section elementor-element elementor-element-46f8d17 elementor-section-boxed elementor-section-height-default elementor-section-height-default\" data-id=\"46f8d17\" data-element_type=\"section\">\n\t\t\t\t\t\t<div class=\"elementor-container elementor-column-gap-default\">\n\t\t\t\t\t<div class=\"elementor-column elementor-col-100 elementor-top-column elementor-element elementor-element-58f61c2\" data-id=\"58f61c2\" data-element_type=\"column\">\n\t\t\t<div class=\"elementor-widget-wrap elementor-element-populated\">\n\t\t\t\t\t\t\t\t<div class=\"elementor-element elementor-element-c52001a elementor-widget elementor-widget-spacer\" data-id=\"c52001a\" data-element_type=\"widget\" data-widget_type=\"spacer.default\">\n\t\t\t\t<div class=\"elementor-widget-container\">\n\t\t\t\t\t<div class=\"elementor-spacer\">\n\t\t\t<div class=\"elementor-spacer-inner\"><\/div>\n\t\t<\/div>\n\t\t\t\t<\/div>\n\t\t\t\t<\/div>\n\t\t\t\t\t<\/div>\n\t\t<\/div>\n\t\t\t\t\t\t\t<\/div>\n\t\t<\/section>\n\t\t\t\t\t\t\t<\/div>\n\t\t","protected":false},"excerpt":{"rendered":"<p>Hop2Win est un cabinet de conseil et formation sp\u00e9cialis\u00e9 dans la dynamique d&rsquo;\u00e9quipe Une \u00e9quipe qui gagne, c&rsquo;est quoi? Partager un \u00e9tat d&rsquo;esprit collectif S&rsquo;aligner sur une strat\u00e9gie Agir ensemble Communiquer Favoriser le d\u00e9passement de soi C\u00e9l\u00e9brer les victoires Notre<\/p>\n","protected":false},"author":1,"featured_media":0,"parent":0,"menu_order":0,"comment_status":"closed","ping_status":"closed","template":"elementor_header_footer","meta":[],"_links":{"self":[{"href":"https:\/\/www.hop2win.fr\/index.php\/wp-json\/wp\/v2\/pages\/144"}],"collection":[{"href":"https:\/\/www.hop2win.fr\/index.php\/wp-json\/wp\/v2\/pages"}],"about":[{"href":"https:\/\/www.hop2win.fr\/index.php\/wp-json\/wp\/v2\/types\/page"}],"author":[{"embeddable":true,"href":"https:\/\/www.hop2win.fr\/index.php\/wp-json\/wp\/v2\/users\/1"}],"replies":[{"embeddable":true,"href":"https:\/\/www.hop2win.fr\/index.php\/wp-json\/wp\/v2\/comments?post=144"}],"version-history":[{"count":49,"href":"https:\/\/www.hop2win.fr\/index.php\/wp-json\/wp\/v2\/pages\/144\/revisions"}],"predecessor-version":[{"id":835,"href":"https:\/\/www.hop2win.fr\/index.php\/wp-json\/wp\/v2\/pages\/144\/revisions\/835"}],"wp:attachment":[{"href":"https:\/\/www.hop2win.fr\/index.php\/wp-json\/wp\/v2\/media?parent=144"}],"curies":[{"name":"wp","href":"https:\/\/api.w.org\/{rel}","templated":true}]}}